{"id":3426,"date":"2022-11-30T11:28:28","date_gmt":"2022-11-30T10:28:28","guid":{"rendered":"https:\/\/stephane-lellouche.fr\/?page_id=3426"},"modified":"2023-07-04T09:13:31","modified_gmt":"2023-07-04T07:13:31","slug":"discographie-cd2","status":"publish","type":"page","link":"https:\/\/stephane-lellouche.fr\/index.php\/discographie-cd2\/","title":{"rendered":"Discographie CD2"},"content":{"rendered":"\t\t<div data-elementor-type=\"wp-page\" data-elementor-id=\"3426\" class=\"elementor elementor-3426\">\n\t\t\t\t\t\t\t\t\t<section class=\"elementor-section elementor-top-section elementor-element elementor-element-d4316a3 elementor-section-boxed elementor-section-height-default elementor-section-height-default\" data-id=\"d4316a3\" data-element_type=\"section\">\n\t\t\t\t\t\t<div class=\"elementor-container elementor-column-gap-default\">\n\t\t\t\t\t<div class=\"elementor-column elementor-col-100 elementor-top-column elementor-element elementor-element-d8e0615\" data-id=\"d8e0615\" data-element_type=\"column\">\n\t\t\t<div class=\"elementor-widget-wrap elementor-element-populated\">\n\t\t\t\t\t\t\t\t<div class=\"elementor-element elementor-element-8e983f7 elementor-widget elementor-widget-heading\" data-id=\"8e983f7\" data-element_type=\"widget\" data-widget_type=\"heading.default\">\n\t\t\t\t<div class=\"elementor-widget-container\">\n\t\t\t<style>\/*! elementor - v3.15.0 - 20-08-2023 *\/\n.elementor-heading-title{padding:0;margin:0;line-height:1}.elementor-widget-heading .elementor-heading-title[class*=elementor-size-]>a{color:inherit;font-size:inherit;line-height:inherit}.elementor-widget-heading .elementor-heading-title.elementor-size-small{font-size:15px}.elementor-widget-heading .elementor-heading-title.elementor-size-medium{font-size:19px}.elementor-widget-heading .elementor-heading-title.elementor-size-large{font-size:29px}.elementor-widget-heading .elementor-heading-title.elementor-size-xl{font-size:39px}.elementor-widget-heading .elementor-heading-title.elementor-size-xxl{font-size:59px}<\/style><h2 class=\"elementor-heading-title elementor-size-default\">Discographie <\/h2>\t\t<\/div>\n\t\t\t\t<\/div>\n\t\t\t\t\t<\/div>\n\t\t<\/div>\n\t\t\t\t\t\t\t<\/div>\n\t\t<\/section>\n\t\t\t\t<section class=\"elementor-section elementor-top-section elementor-element elementor-element-9bfcbf5 elementor-section-full_width elementor-section-stretched elementor-section-height-default elementor-section-height-default\" data-id=\"9bfcbf5\" data-element_type=\"section\" data-settings=\"{&quot;stretch_section&quot;:&quot;section-stretched&quot;}\">\n\t\t\t\t\t\t<div class=\"elementor-container elementor-column-gap-default\">\n\t\t\t\t\t<div class=\"elementor-column elementor-col-100 elementor-top-column elementor-element elementor-element-43372bc0\" data-id=\"43372bc0\" data-element_type=\"column\">\n\t\t\t<div class=\"elementor-widget-wrap elementor-element-populated\">\n\t\t\t\t\t\t\t\t<div class=\"elementor-element elementor-element-17d1e0db elementor-widget elementor-widget-slide-music-player-free\" data-id=\"17d1e0db\" data-element_type=\"widget\" data-widget_type=\"slide-music-player-free.default\">\n\t\t\t\t<div class=\"elementor-widget-container\">\n\t\t\t\n\t\t<div class=\"swp_music_player clearfix\" id=\"mpfe_69e1d2874a905\" data-autoplay=\"no\" data-playmode=\"repeat\" data-stopplaylistend=\"no\" data-repeatmode=\"unset\" data-playerimg=\"https:\/\/stephane-lellouche.fr\/wp-content\/uploads\/2022\/11\/POCHETTE-Album-33-Web.jpg\">\n\t\t\t<div class=\"music_player_left mp_ar_tall\">\n\t\t\t\t<div class=\"album_left_overlay lc_swp_overlay\"><\/div>\n\t\t\t<\/div>\n\n\t\t\t<div class=\"music_player_right mp_ar_tall\">\n\t\t\t\t<div class=\"album_right_overlay lc_swp_overlay\"><\/div>\n\n\n\t\t\t\t\n\t\t\t\t\t\t<div class=\"swp_player_top\">\n\t\t\t<div class=\"player_top_content\">\n\t\t\t\t\t\t\t\t\t<div class=\"album_featured_text\">\n\t\t\t\t\t\tStephane Lellouche\t\t\t\t\t<\/div>\n\t\t\t\t\n\t\t\t\t<div class=\"swp_player_title\">\n\t\t\t\t\t33 - EXTRAIT Pop Electro\t\t\t\t<\/div>\n\t\t\t<\/div>\n\n\t\t\t\t\t<\/div>\n\t\t\n\t\t\t\t<div class=\"swp_player_content controls_on_right\">\n\t\t\t\t\t\n\t\t<div class=\"swp_music_player_entry clearfix\" data-mediafile=\"https:\/\/stephane-lellouche.fr\/wp-content\/uploads\/2022\/11\/STEPHANE-LELLOUCHE-01-Sun-remix-rev3-ok-le-07-11-22.3_1.wav\" data-trackimg=\"\">\n\t\t\t<span class=\"swp_song_details player_entry_left\">\n\t\t\t\t<span class=\"play_icon\">\n\t\t\t\t\t<i class=\"fas fa-play before_song\"><\/i>\n\t\t\t\t<\/span>\n\t\t\t\t<span class=\"player_song_name transition3\">\n\t\t\t\t\tSun\t\t\t\t<\/span>\n\t\t\t<\/span>\n\n\t\t\t<span class=\"entry_duration mpfe_fix_lh\"><\/span>\t\t\n\n\t\t\t<span class=\"song_buy_icons transition3 mobile_visibility_hide icons_pos_mobile_\">\n\t\t\t\t\t\t\t\t\t\t\t\t\t\t\t\t\t\t\t<\/span>\n\t\t<\/div>\n\n\t\t\n\t\t<div class=\"swp_music_player_entry clearfix\" data-mediafile=\"https:\/\/stephane-lellouche.fr\/wp-content\/uploads\/2022\/11\/STEPHANE-LELLOUCHE-02-Je-Suis-La-2db.3_1.wav\" data-trackimg=\"\">\n\t\t\t<span class=\"swp_song_details player_entry_left\">\n\t\t\t\t<span class=\"play_icon\">\n\t\t\t\t\t<i class=\"fas fa-play before_song\"><\/i>\n\t\t\t\t<\/span>\n\t\t\t\t<span class=\"player_song_name transition3\">\n\t\t\t\t\tJe suis l\u00e0\t\t\t\t<\/span>\n\t\t\t<\/span>\n\n\t\t\t<span class=\"entry_duration mpfe_fix_lh\"><\/span>\t\t\n\n\t\t\t<span class=\"song_buy_icons transition3 mobile_visibility_hide icons_pos_mobile_\">\n\t\t\t\t\t\t\t\t\t\t\t\t\t\t\t\t\t\t\t<\/span>\n\t\t<\/div>\n\n\t\t\n\t\t<div class=\"swp_music_player_entry clearfix\" data-mediafile=\"https:\/\/stephane-lellouche.fr\/wp-content\/uploads\/2022\/11\/STEPHANE-LELLOUCHE-03-Oxygen-2db.3_1.wav\" data-trackimg=\"\">\n\t\t\t<span class=\"swp_song_details player_entry_left\">\n\t\t\t\t<span class=\"play_icon\">\n\t\t\t\t\t<i class=\"fas fa-play before_song\"><\/i>\n\t\t\t\t<\/span>\n\t\t\t\t<span class=\"player_song_name transition3\">\n\t\t\t\t\tOxygen\t\t\t\t<\/span>\n\t\t\t<\/span>\n\n\t\t\t<span class=\"entry_duration mpfe_fix_lh\"><\/span>\t\t\n\n\t\t\t<span class=\"song_buy_icons transition3 mobile_visibility_hide icons_pos_mobile_\">\n\t\t\t\t\t\t\t\t\t\t\t\t\t\t\t\t\t\t\t<\/span>\n\t\t<\/div>\n\n\t\t\n\t\t<div class=\"swp_music_player_entry clearfix\" data-mediafile=\"https:\/\/stephane-lellouche.fr\/wp-content\/uploads\/2022\/11\/STEPHANE-LELLOUCHE-04-Tourbillon-3db.3_1.wav\" data-trackimg=\"\">\n\t\t\t<span class=\"swp_song_details player_entry_left\">\n\t\t\t\t<span class=\"play_icon\">\n\t\t\t\t\t<i class=\"fas fa-play before_song\"><\/i>\n\t\t\t\t<\/span>\n\t\t\t\t<span class=\"player_song_name transition3\">\n\t\t\t\t\tTourbillon\t\t\t\t<\/span>\n\t\t\t<\/span>\n\n\t\t\t<span class=\"entry_duration mpfe_fix_lh\"><\/span>\t\t\n\n\t\t\t<span class=\"song_buy_icons transition3 mobile_visibility_hide icons_pos_mobile_\">\n\t\t\t\t\t\t\t\t\t\t\t\t\t\t\t\t\t\t\t<\/span>\n\t\t<\/div>\n\n\t\t\n\t\t<div class=\"swp_music_player_entry clearfix\" data-mediafile=\"https:\/\/stephane-lellouche.fr\/wp-content\/uploads\/2022\/11\/STEPHANE-LELLOUCHE-05-Toi-mon-pere-3db.3_1.wav\" data-trackimg=\"\">\n\t\t\t<span class=\"swp_song_details player_entry_left\">\n\t\t\t\t<span class=\"play_icon\">\n\t\t\t\t\t<i class=\"fas fa-play before_song\"><\/i>\n\t\t\t\t<\/span>\n\t\t\t\t<span class=\"player_song_name transition3\">\n\t\t\t\t\tToi mon p\u00e8re\t\t\t\t<\/span>\n\t\t\t<\/span>\n\n\t\t\t<span class=\"entry_duration mpfe_fix_lh\"><\/span>\t\t\n\n\t\t\t<span class=\"song_buy_icons transition3 mobile_visibility_hide icons_pos_mobile_\">\n\t\t\t\t\t\t\t\t\t\t\t\t\t\t\t\t\t\t\t<\/span>\n\t\t<\/div>\n\n\t\t\n\t\t<div class=\"swp_music_player_entry clearfix\" data-mediafile=\"https:\/\/stephane-lellouche.fr\/wp-content\/uploads\/2022\/11\/STEPHANE-LELLOUCHE-06-Insomnie-2db.3_1.wav\" data-trackimg=\"\">\n\t\t\t<span class=\"swp_song_details player_entry_left\">\n\t\t\t\t<span class=\"play_icon\">\n\t\t\t\t\t<i class=\"fas fa-play before_song\"><\/i>\n\t\t\t\t<\/span>\n\t\t\t\t<span class=\"player_song_name transition3\">\n\t\t\t\t\tInsomnie\t\t\t\t<\/span>\n\t\t\t<\/span>\n\n\t\t\t<span class=\"entry_duration mpfe_fix_lh\"><\/span>\t\t\n\n\t\t\t<span class=\"song_buy_icons transition3 mobile_visibility_hide icons_pos_mobile_\">\n\t\t\t\t\t\t\t\t\t\t\t\t\t\t\t\t\t\t\t<\/span>\n\t\t<\/div>\n\n\t\t\n\t\t<div class=\"swp_music_player_entry clearfix\" data-mediafile=\"https:\/\/stephane-lellouche.fr\/wp-content\/uploads\/2022\/11\/STEPHANE-LELLOUCHE-07-La-Couleur-des-Mots.3_1.wav\" data-trackimg=\"\">\n\t\t\t<span class=\"swp_song_details player_entry_left\">\n\t\t\t\t<span class=\"play_icon\">\n\t\t\t\t\t<i class=\"fas fa-play before_song\"><\/i>\n\t\t\t\t<\/span>\n\t\t\t\t<span class=\"player_song_name transition3\">\n\t\t\t\t\tLa Couleur des Mots\t\t\t\t<\/span>\n\t\t\t<\/span>\n\n\t\t\t<span class=\"entry_duration mpfe_fix_lh\"><\/span>\t\t\n\n\t\t\t<span class=\"song_buy_icons transition3 mobile_visibility_hide icons_pos_mobile_\">\n\t\t\t\t\t\t\t\t\t\t\t\t\t\t\t\t\t\t\t<\/span>\n\t\t<\/div>\n\n\t\t\n\t\t<div class=\"swp_music_player_entry clearfix\" data-mediafile=\"https:\/\/stephane-lellouche.fr\/wp-content\/uploads\/2022\/11\/STEPHANE-LELLOUCHE-08-Demence-3db.3_1.wav\" data-trackimg=\"\">\n\t\t\t<span class=\"swp_song_details player_entry_left\">\n\t\t\t\t<span class=\"play_icon\">\n\t\t\t\t\t<i class=\"fas fa-play before_song\"><\/i>\n\t\t\t\t<\/span>\n\t\t\t\t<span class=\"player_song_name transition3\">\n\t\t\t\t\tDemence\t\t\t\t<\/span>\n\t\t\t<\/span>\n\n\t\t\t<span class=\"entry_duration mpfe_fix_lh\"><\/span>\t\t\n\n\t\t\t<span class=\"song_buy_icons transition3 mobile_visibility_hide icons_pos_mobile_\">\n\t\t\t\t\t\t\t\t\t\t\t\t\t\t\t\t\t\t\t<\/span>\n\t\t<\/div>\n\n\t\t\n\t\t<div class=\"swp_music_player_entry clearfix\" data-mediafile=\"https:\/\/stephane-lellouche.fr\/wp-content\/uploads\/2022\/11\/STEPHANE-LELLOUCHE-09-Entre-nous-3db.3_1.wav\" data-trackimg=\"\">\n\t\t\t<span class=\"swp_song_details player_entry_left\">\n\t\t\t\t<span class=\"play_icon\">\n\t\t\t\t\t<i class=\"fas fa-play before_song\"><\/i>\n\t\t\t\t<\/span>\n\t\t\t\t<span class=\"player_song_name transition3\">\n\t\t\t\t\tEntre nous\t\t\t\t<\/span>\n\t\t\t<\/span>\n\n\t\t\t<span class=\"entry_duration mpfe_fix_lh\"><\/span>\t\t\n\n\t\t\t<span class=\"song_buy_icons transition3 mobile_visibility_hide icons_pos_mobile_\">\n\t\t\t\t\t\t\t\t\t\t\t\t\t\t\t\t\t\t\t<\/span>\n\t\t<\/div>\n\n\t\t\n\t\t<div class=\"swp_music_player_entry clearfix\" data-mediafile=\"https:\/\/stephane-lellouche.fr\/wp-content\/uploads\/2022\/11\/STEPHANE-LELLOUCHE-10-Alleluia-3db.3_1.wav\" data-trackimg=\"\">\n\t\t\t<span class=\"swp_song_details player_entry_left\">\n\t\t\t\t<span class=\"play_icon\">\n\t\t\t\t\t<i class=\"fas fa-play before_song\"><\/i>\n\t\t\t\t<\/span>\n\t\t\t\t<span class=\"player_song_name transition3\">\n\t\t\t\t\tAlleluia\t\t\t\t<\/span>\n\t\t\t<\/span>\n\n\t\t\t<span class=\"entry_duration mpfe_fix_lh\"><\/span>\t\t\n\n\t\t\t<span class=\"song_buy_icons transition3 mobile_visibility_hide icons_pos_mobile_\">\n\t\t\t\t\t\t\t\t\t\t\t\t\t\t\t\t\t\t\t<\/span>\n\t\t<\/div>\n\n\t\t\n\t\t<div class=\"swp_music_player_entry clearfix\" data-mediafile=\"https:\/\/stephane-lellouche.fr\/wp-content\/uploads\/2022\/11\/STEPHANE-LELLOUCHE-11-Le-Paradis-2db.3_1.wav\" data-trackimg=\"\">\n\t\t\t<span class=\"swp_song_details player_entry_left\">\n\t\t\t\t<span class=\"play_icon\">\n\t\t\t\t\t<i class=\"fas fa-play before_song\"><\/i>\n\t\t\t\t<\/span>\n\t\t\t\t<span class=\"player_song_name transition3\">\n\t\t\t\t\t Le Paradis\t\t\t\t<\/span>\n\t\t\t<\/span>\n\n\t\t\t<span class=\"entry_duration mpfe_fix_lh\"><\/span>\t\t\n\n\t\t\t<span class=\"song_buy_icons transition3 mobile_visibility_hide icons_pos_mobile_\">\n\t\t\t\t\t\t\t\t\t\t\t\t\t\t\t\t\t\t\t<\/span>\n\t\t<\/div>\n\n\t\t\t\t\t\t<\/div>\n\t\t\t\t\t\n\n\t\t\t\t\n\t\t\t\t\n\t\t<div class=\"swp_player_bottom show_on_right\">\n\t\t\t<div class=\"swp_player_bottom_inner\">\n\t\t\t\t\t\t\t\t<div class=\"smc_player_progress_bar\">\n\t\t\t\t\t<div class=\"player_time_slider_base\"><\/div>\n\t\t\t\t\t<div class=\"player_time_slider\"><\/div>\n\t\t\t\t<\/div>\n\t\t\t\t\n\t\t\t\t<div class=\"swp_current_play\">\n\t\t\t\t\t<div class=\"before_current_song_name\">A l\u2019\u00e9coute<\/div>\n\t\t\t\t\t<div class=\"current_song_name\"><\/div>\n\t\t\t\t<\/div>\n\n\t\t\t\t<div class=\"swp_player_controls\">\n\t\t\t\t\t\t\t\t\t\t<a href=\"#!\" class=\"mpfe-sr-helper\">\n\t\t\t\t\t\t<i class=\"fas fa-step-backward\"><\/i>\n\t\t\t\t\t\t<span class=\"visually-hidden\">Chanson pr\u00e9c\u00e9dente<\/span>\n\t\t\t\t\t<\/a>\n\t\t\t\t\t<a href=\"#!\" class=\"mpfe-sr-helper\">\n\t\t\t\t\t\t<i class=\"fas fa-play player_play\"><\/i>\n\t\t\t\t\t\t<span class=\"visually-hidden\">Lecture<\/span>\n\t\t\t\t\t<\/a>\n\t\t\t\t\t<a href=\"#!\" class=\"mpfe-sr-helper\">\n\t\t\t\t\t\t<i class=\"fas fa-pause display_none\"><\/i>\n\t\t\t\t\t\t<span class=\"visually-hidden\">Mettre en pause<\/span>\n\t\t\t\t\t<\/a>\n\t\t\t\t\t<a href=\"#!\" class=\"mpfe-sr-helper\">\n\t\t\t\t\t\t<i class=\"fas fa-step-forward\"><\/i>\n\t\t\t\t\t\t<span class=\"visually-hidden\">Chanson suivante<\/span>\n\t\t\t\t\t<\/a>\n\t\t\t\t\t\t\t\t\t<\/div>\n\n\t\t\t\t<div class=\"swp_timeline\">\n\t\t\t\t\t<span class=\"song_current_progress\"><\/span>\n\t\t\t\t\t<span class=\"player_duration_sep\">&#47;<\/span>\n\t\t\t\t\t<span class=\"song_duration\"><\/span>\n\t\t\t\t<\/div>\n\n\t\t\t\t\t\t\t<\/div>\n\t\t<\/div>\n\t\t\t\t\t<\/div>\n\n\t\t\t\t\t<\/div>\n\n\t\t\t<\/div>\n\t\t\t\t<\/div>\n\t\t\t\t\t<\/div>\n\t\t<\/div>\n\t\t\t\t\t\t\t<\/div>\n\t\t<\/section>\n\t\t\t\t<section class=\"elementor-section elementor-top-section elementor-element elementor-element-2d0e9ad elementor-section-boxed elementor-section-height-default elementor-section-height-default\" data-id=\"2d0e9ad\" data-element_type=\"section\">\n\t\t\t\t\t\t<div class=\"elementor-container elementor-column-gap-default\">\n\t\t\t\t\t<div class=\"elementor-column elementor-col-50 elementor-top-column elementor-element elementor-element-5b19351c\" data-id=\"5b19351c\" data-element_type=\"column\">\n\t\t\t<div class=\"elementor-widget-wrap elementor-element-populated\">\n\t\t\t\t\t\t\t\t<div class=\"elementor-element elementor-element-7a67f0dd elementor-align-center elementor-widget elementor-widget-button\" data-id=\"7a67f0dd\" data-element_type=\"widget\" data-widget_type=\"button.default\">\n\t\t\t\t<div class=\"elementor-widget-container\">\n\t\t\t\t\t<div class=\"elementor-button-wrapper\">\n\t\t\t<a class=\"elementor-button elementor-button-link elementor-size-sm\" href=\"https:\/\/stephane-lellouche.fr\/index.php\/discography\/\">\n\t\t\t\t\t\t<span class=\"elementor-button-content-wrapper\">\n\t\t\t\t\t\t<span class=\"elementor-button-text\">Discographie<\/span>\n\t\t<\/span>\n\t\t\t\t\t<\/a>\n\t\t<\/div>\n\t\t\t\t<\/div>\n\t\t\t\t<\/div>\n\t\t\t\t\t<\/div>\n\t\t<\/div>\n\t\t\t\t<div class=\"elementor-column elementor-col-50 elementor-top-column elementor-element elementor-element-6d92edd3\" data-id=\"6d92edd3\" data-element_type=\"column\">\n\t\t\t<div class=\"elementor-widget-wrap elementor-element-populated\">\n\t\t\t\t\t\t\t\t<div class=\"elementor-element elementor-element-21d3974c elementor-align-center elementor-widget elementor-widget-button\" data-id=\"21d3974c\" data-element_type=\"widget\" data-widget_type=\"button.default\">\n\t\t\t\t<div class=\"elementor-widget-container\">\n\t\t\t\t\t<div class=\"elementor-button-wrapper\">\n\t\t\t<a class=\"elementor-button elementor-button-link elementor-size-sm\" href=\"https:\/\/stephane-lellouche.fr\/index.php\/discographie-cd3\/\">\n\t\t\t\t\t\t<span class=\"elementor-button-content-wrapper\">\n\t\t\t\t\t\t<span class=\"elementor-button-text\">CD 3 - DUOS<\/span>\n\t\t<\/span>\n\t\t\t\t\t<\/a>\n\t\t<\/div>\n\t\t\t\t<\/div>\n\t\t\t\t<\/div>\n\t\t\t\t<div class=\"elementor-element elementor-element-24d16f16 elementor-align-center elementor-widget elementor-widget-button\" data-id=\"24d16f16\" data-element_type=\"widget\" data-widget_type=\"button.default\">\n\t\t\t\t<div class=\"elementor-widget-container\">\n\t\t\t\t\t<div class=\"elementor-button-wrapper\">\n\t\t\t<a class=\"elementor-button elementor-button-link elementor-size-sm\" href=\"https:\/\/stephane-lellouche.fr\/index.php\/discographie-cd1\/\">\n\t\t\t\t\t\t<span class=\"elementor-button-content-wrapper\">\n\t\t\t\t\t\t<span class=\"elementor-button-text\">CD 1 -  ACCOUSTIQUE<\/span>\n\t\t<\/span>\n\t\t\t\t\t<\/a>\n\t\t<\/div>\n\t\t\t\t<\/div>\n\t\t\t\t<\/div>\n\t\t\t\t\t<\/div>\n\t\t<\/div>\n\t\t\t\t\t\t\t<\/div>\n\t\t<\/section>\n\t\t\t\t\t\t\t<\/div>\n\t\t","protected":false},"excerpt":{"rendered":"<p>Discographie Stephane Lellouche 33 &#8211; EXTRAIT Pop Electro Sun Je suis l\u00e0 Oxygen Tourbillon Toi mon p\u00e8re Insomnie La Couleur des Mots Demence Entre nous Alleluia Le Paradis A l\u2019\u00e9coute Chanson pr\u00e9c\u00e9dente Lecture Mettre en pause Chanson suivante &#47; Discographie CD 3 &#8211; DUOS CD 1 &#8211; ACCOUSTIQUE<\/p>\n","protected":false},"author":2,"featured_media":0,"parent":0,"menu_order":0,"comment_status":"closed","ping_status":"closed","template":"","meta":{"footnotes":""},"class_list":{"0":"post-3426","1":"page","2":"type-page","3":"status-publish","4":"hentry","5":"entry","6":"clearfix","7":"entry-grid","8":"entry-columns-default","9":"entry-page-module-layout-standard","10":"no-post-thumbnail","11":"entry-page","13":"entry-page-grid"},"aioseo_notices":[],"_links":{"self":[{"href":"https:\/\/stephane-lellouche.fr\/index.php\/wp-json\/wp\/v2\/pages\/3426","targetHints":{"allow":["GET"]}}],"collection":[{"href":"https:\/\/stephane-lellouche.fr\/index.php\/wp-json\/wp\/v2\/pages"}],"about":[{"href":"https:\/\/stephane-lellouche.fr\/index.php\/wp-json\/wp\/v2\/types\/page"}],"author":[{"embeddable":true,"href":"https:\/\/stephane-lellouche.fr\/index.php\/wp-json\/wp\/v2\/users\/2"}],"replies":[{"embeddable":true,"href":"https:\/\/stephane-lellouche.fr\/index.php\/wp-json\/wp\/v2\/comments?post=3426"}],"version-history":[{"count":11,"href":"https:\/\/stephane-lellouche.fr\/index.php\/wp-json\/wp\/v2\/pages\/3426\/revisions"}],"predecessor-version":[{"id":4032,"href":"https:\/\/stephane-lellouche.fr\/index.php\/wp-json\/wp\/v2\/pages\/3426\/revisions\/4032"}],"wp:attachment":[{"href":"https:\/\/stephane-lellouche.fr\/index.php\/wp-json\/wp\/v2\/media?parent=3426"}],"curies":[{"name":"wp","href":"https:\/\/api.w.org\/{rel}","templated":true}]}}